{"id":9,"date":"2020-04-20T09:35:26","date_gmt":"2020-04-20T07:35:26","guid":{"rendered":"http:\/\/localhost:4321\/?page_id=5"},"modified":"2025-03-31T09:55:30","modified_gmt":"2025-03-31T07:55:30","slug":"contact-us","status":"publish","type":"page","link":"https:\/\/itaab.kreativa.dev\/en\/contact-us\/","title":{"rendered":"Contact"},"content":{"rendered":"\n<div class=\"wp-block-group has-beige-background-color has-background is-layout-constrained wp-block-group-is-layout-constrained\" style=\"padding-top:5rem;padding-bottom:5rem\">\n<h1 class=\"wp-block-heading has-text-align-center\">Contact<\/h1>\n<\/div>\n\n\n\n<div class=\"wp-block-group has-beige-background-color has-background is-layout-flow wp-block-group-is-layout-flow\" style=\"padding-top:var(--wp--preset--spacing--50);padding-bottom:var(--wp--preset--spacing--70)\">\n<div class=\"wp-block-columns is-layout-flex wp-container-core-columns-is-layout-9d6595d7 wp-block-columns-is-layout-flex\">\n<div class=\"wp-block-column is-layout-flow wp-block-column-is-layout-flow\" style=\"flex-basis:33%\">\n<div class=\"wp-block-gutenberg-kreativabyran-block-gutenberg-kreativabyran-contact-person contact-person\"><div style=\"background-image:url()\" class=\"avatar\"><\/div><div class=\"small-header\">Stockholm | Middle | North<\/div><div class=\"name\">Roger Blomkvist<\/div><div class=\"title\"> Sales &amp; support<\/div><a class=\"contact-icon tel\" rel=\"noopener noreferrer\" href=\"tel:070-943 42 65\" target=\"_self\">070-943 42 65<\/a><a class=\"contact-icon mail\" rel=\"noopener noreferrer\" href=\"mailto:rb@itaab.com\" target=\"_self\">rb@itaab.com<\/a><\/div>\n<\/div>\n\n\n\n<div class=\"wp-block-column is-layout-flow wp-block-column-is-layout-flow\" style=\"flex-basis:33%\">\n<div class=\"wp-block-gutenberg-kreativabyran-block-gutenberg-kreativabyran-contact-person contact-person\"><div style=\"background-image:url()\" class=\"avatar\"><\/div><div class=\"small-header\">Stockholm | Middle | North<\/div><div class=\"name\">Eva Carlback<\/div><div class=\"title\"> Sales &amp; support<\/div><a class=\"contact-icon tel\" rel=\"noopener noreferrer\" href=\"tel:072-546 00 05\" target=\"_self\">072-546 00 05<\/a><a class=\"contact-icon mail\" rel=\"noopener noreferrer\" href=\"mailto:ec@itaab.com\" target=\"_self\">ec@itaab.com<\/a><\/div>\n<\/div>\n\n\n\n<div class=\"wp-block-column is-layout-flow wp-block-column-is-layout-flow\" style=\"flex-basis:33%\">\n<div class=\"wp-block-gutenberg-kreativabyran-block-gutenberg-kreativabyran-contact-person contact-person\"><div style=\"background-image:url()\" class=\"avatar\"><\/div><div class=\"small-header\">South | West<\/div><div class=\"name\">Magnus Ljung<\/div><div class=\"title\"> Sales &amp; support<\/div><a class=\"contact-icon tel\" rel=\"noopener noreferrer\" href=\"tel:073-546 04 47\" target=\"_self\">073-546 04 47<\/a><a class=\"contact-icon mail\" rel=\"noopener noreferrer\" href=\"mailto:ml@itaab.com\" target=\"_self\">ml@itaab.com<\/a><\/div>\n<\/div>\n<\/div>\n\n\n\n<div class=\"wp-block-columns is-layout-flex wp-container-core-columns-is-layout-9d6595d7 wp-block-columns-is-layout-flex\">\n<div class=\"wp-block-column is-layout-flow wp-block-column-is-layout-flow\" style=\"flex-basis:33%\">\n<div class=\"wp-block-gutenberg-kreativabyran-block-gutenberg-kreativabyran-contact-person contact-person\"><div style=\"background-image:url()\" class=\"avatar\"><\/div><div class=\"small-header\">Huvudkontor<\/div><div class=\"name\">Bengt Persson<\/div><div class=\"title\">Order &amp; logistics<\/div><a class=\"contact-icon tel\" rel=\"noopener noreferrer\" href=\"tel:019-22 51 97\" target=\"_self\">019-22 51 97<\/a><a class=\"contact-icon mail\" rel=\"noopener noreferrer\" href=\"mailto:bengt.persson@itaab.com\" target=\"_self\">bengt.persson@itaab.com<\/a><\/div>\n<\/div>\n\n\n\n<div class=\"wp-block-column is-layout-flow wp-block-column-is-layout-flow\" style=\"flex-basis:33%\">\n<div class=\"wp-block-gutenberg-kreativabyran-block-gutenberg-kreativabyran-contact-person contact-person\"><div style=\"background-image:url()\" class=\"avatar\"><\/div><div class=\"small-header\">Huvudkontor<\/div><div class=\"name\">Jessica Molin<\/div><div class=\"title\">Finance, procurement &amp; personnel<\/div><a class=\"contact-icon tel\" rel=\"noopener noreferrer\" href=\"tel:019-22 51 94\" target=\"_self\">019-22 51 94<\/a><a class=\"contact-icon mail\" rel=\"noopener noreferrer\" href=\"mailto:jessica@itaab.com\" target=\"_self\">jessica@itaab.com<\/a><\/div>\n<\/div>\n\n\n\n<div class=\"wp-block-column is-layout-flow wp-block-column-is-layout-flow\" style=\"flex-basis:33%\"><\/div>\n<\/div>\n\n\n\n<p style=\"font-size:15px\"><\/p>\n<\/div>\n\n\n\n<div class=\"wp-block-group has-dark-background-color has-background is-layout-flow wp-block-group-is-layout-flow\" style=\"padding-top:3rem;padding-bottom:3rem\">\n<div class=\"wp-block-columns are-vertically-aligned-top is-layout-flex wp-container-core-columns-is-layout-9d6595d7 wp-block-columns-is-layout-flex\">\n<div class=\"wp-block-column is-vertically-aligned-top is-layout-flow wp-block-column-is-layout-flow\">\n<h3 class=\"wp-block-heading has-beige-color has-text-color\">\u00d6rebro<\/h3>\n\n\n\n<p class=\"has-beige-color has-text-color has-link-color wp-elements-687dfaa776d85145dcfa315b37ca1c38\">Headquarter<br><a href=\"https:\/\/goo.gl\/maps\/feoa9anf7ETwxWDRA\" target=\"_blank\" rel=\"noreferrer noopener\"><mark style=\"background-color:rgba(0, 0, 0, 0)\" class=\"has-inline-color has-white-color\">Droskv\u00e4gen 23<\/mark><\/a><br><a href=\"https:\/\/goo.gl\/maps\/feoa9anf7ETwxWDRA\" target=\"_blank\" rel=\"noreferrer noopener\"><mark style=\"background-color:rgba(0, 0, 0, 0)\" class=\"has-inline-color has-white-color\">702 33 \u00d6rebro<\/mark><\/a><\/p>\n\n\n\n<p class=\"has-beige-color has-text-color has-link-color wp-elements-b98f3e1c5313636cb03f421b12d42022\"><a href=\"tel:019225190\"><mark style=\"background-color:rgba(0, 0, 0, 0)\" class=\"has-inline-color has-white-color\">019 &#8211; 22 51 90<\/mark><\/a><mark style=\"background-color:rgba(0, 0, 0, 0)\" class=\"has-inline-color has-white-color\"><br><\/mark><a href=\"mailto:info@itaab.com\"><mark style=\"background-color:rgba(0, 0, 0, 0)\" class=\"has-inline-color has-white-color\">info@itaab.com<\/mark><\/a><\/p>\n\n\n\n<p class=\"has-beige-color has-text-color has-link-color wp-elements-de48388937d228d6ef40af8bc308eab4\"><strong>Opening hours<\/strong><br>Monday \u2013 friday 08.00 am &#8211; 4.30 pm<br>Closed for lunch 12.00 pm &#8211; 01.00 pm<\/p>\n<\/div>\n\n\n\n<div class=\"wp-block-column is-vertically-aligned-top is-layout-flow wp-block-column-is-layout-flow\">\n<h3 class=\"wp-block-heading has-beige-color has-text-color has-link-color wp-elements-19f8eed0c2e780409f5dd3b3a228fe5f\">Stockholm<\/h3>\n\n\n\n<p class=\"has-beige-color has-text-color has-link-color wp-elements-89b27affa3d0d04ac6f4e8971d2aabcf\">Service Center for vertical sheets<br><a href=\"https:\/\/goo.gl\/maps\/RHVn1LrfYfwBR7Sb9\" target=\"_blank\" rel=\"noreferrer noopener\">Ulvsundav\u00e4gen 106c<\/a><br><a href=\"https:\/\/goo.gl\/maps\/RHVn1LrfYfwBR7Sb9\" target=\"_blank\" rel=\"noreferrer noopener\">168 67 Bromma<\/a><\/p>\n\n\n\n<p class=\"has-beige-color has-text-color has-link-color wp-elements-3eb57bba1431a6261c67532f7bef5b97\"><a href=\"tel:0101550360\">010 \u2013 155 03 60<\/a><strong><br><\/strong><a href=\"mailto:orderstockholm@itaab.com\">orderstockholm@itaab.com<\/a><\/p>\n\n\n\n<p class=\"has-beige-color has-text-color has-link-color wp-elements-ccecf8d48336d892edce8257106aa71f\"><strong>Opening hours<\/strong><br>Monday \u2013 friday 06.30 am \u2013 06.00 pm<\/p>\n<\/div>\n\n\n\n<div class=\"wp-block-column is-vertically-aligned-top is-layout-flow wp-block-column-is-layout-flow\">\n<h3 class=\"wp-block-heading has-white-color has-text-color has-link-color wp-elements-7968a4140224762f16b65b595a150ae2\">Malm\u00f6<\/h3>\n\n\n\n<p class=\"has-beige-color has-text-color has-link-color wp-elements-97d450c74c03158eb212fba99d28eb23\">Sales office<br><a href=\"https:\/\/goo.gl\/maps\/R4778JKQMdaCTn7C9\" target=\"_blank\" rel=\"noreferrer noopener\">Norra Bulltoftav\u00e4gen 65g<\/a><br><a href=\"https:\/\/goo.gl\/maps\/R4778JKQMdaCTn7C9\" target=\"_blank\" rel=\"noreferrer noopener\">212 43 Malm\u00f6<\/a><\/p>\n\n\n\n<p class=\"has-beige-color has-text-color has-link-color wp-elements-dc54a28dc3b32607ccce33f85c0cc8bf\"><a href=\"tel:019225190\">019 \u2013 22 51 90<\/a> (Headquarter)<br>Contact Magnus Ljung for sales and support in west and south of Sweden<\/p>\n\n\n\n<p class=\"has-beige-color has-text-color has-link-color wp-elements-e6477c5922791937dc8d860b8da9c99e\"><strong>Opening hours<\/strong><br>By appointment<\/p>\n<\/div>\n<\/div>\n<\/div>\n\n\n\n<iframe src=\"https:\/\/www.google.com\/maps\/embed?pb=!1m18!1m12!1m3!1d2042.8217808781403!2d15.162527299999997!3d59.20227740000001!2m3!1f0!2f0!3f0!3m2!1i1024!2i768!4f13.1!3m3!1m2!1s0x465c1317082ecc23%3A0x481d57e32bcb77c5!2sItaab%20Trading%20AB!5e0!3m2!1ssv!2sse!4v1730737220190!5m2!1ssv!2sse\" width=\"2000\" height=\"500\" style=\"border:0;margin-bottom:-10px;\" allowfullscreen=\"\" loading=\"lazy\" referrerpolicy=\"no-referrer-when-downgrade\"><\/iframe>\n\n\n\n<div class=\"wp-block-group has-white-background-color has-background is-layout-constrained wp-block-group-is-layout-constrained\" style=\"padding-top:18px;padding-bottom:18px\">\n<p class=\"has-text-align-center\" style=\"font-size:15px\">Itaab has been a wholly-owned subsidiary of Bergman &amp; Beving since 2023. <br>Therefore, our\u00a0<a href=\"https:\/\/report.whistleb.com\/en\/bergmanbeving\">Whistle-blower ><\/a>\u00a0function is linked to their website.<\/p>\n<\/div>\n","protected":false},"excerpt":{"rendered":"<p>Contact \u00d6rebro HeadquarterDroskv\u00e4gen 23702 33 \u00d6rebro 019 &#8211; 22 51 90info@itaab.com Opening hoursMonday \u2013 friday 08.00 am &#8211; 4.30 pmClosed for lunch 12.00 pm &#8211; 01.00 pm Stockholm Service Center for vertical sheetsUlvsundav\u00e4gen 106c168 67 Bromma 010 \u2013 155 03 60orderstockholm@itaab.com Opening hoursMonday \u2013 friday 06.30 am \u2013 06.00 pm Malm\u00f6 Sales officeNorra Bulltoftav\u00e4gen 65g212 [&hellip;]<\/p>\n","protected":false},"author":3,"featured_media":0,"parent":0,"menu_order":0,"comment_status":"closed","ping_status":"closed","template":"","meta":{"inline_featured_image":false,"footnotes":""},"class_list":["post-9","page","type-page","status-publish","hentry"],"yoast_head":"<!-- This site is optimized with the Yoast SEO plugin v27.4 - https:\/\/yoast.com\/product\/yoast-seo-wordpress\/ -->\n<title>Contact - Itaab en<\/title>\n<meta name=\"robots\" content=\"noindex, follow, max-snippet:-1, max-image-preview:large, max-video-preview:-1\" \/>\n<meta property=\"og:locale\" content=\"en_US\" \/>\n<meta property=\"og:type\" content=\"article\" \/>\n<meta property=\"og:title\" content=\"Contact - Itaab en\" \/>\n<meta property=\"og:description\" content=\"Contact \u00d6rebro HeadquarterDroskv\u00e4gen 23702 33 \u00d6rebro 019 &#8211; 22 51 90info@itaab.com Opening hoursMonday \u2013 friday 08.00 am &#8211; 4.30 pmClosed for lunch 12.00 pm &#8211; 01.00 pm Stockholm Service Center for vertical sheetsUlvsundav\u00e4gen 106c168 67 Bromma 010 \u2013 155 03 60orderstockholm@itaab.com Opening hoursMonday \u2013 friday 06.30 am \u2013 06.00 pm Malm\u00f6 Sales officeNorra Bulltoftav\u00e4gen 65g212 [&hellip;]\" \/>\n<meta property=\"og:url\" content=\"https:\/\/itaab.kreativa.dev\/en\/contact-us\/\" \/>\n<meta property=\"og:site_name\" content=\"Itaab en\" \/>\n<meta property=\"article:modified_time\" content=\"2025-03-31T07:55:30+00:00\" \/>\n<meta name=\"twitter:card\" content=\"summary_large_image\" \/>\n<meta name=\"twitter:label1\" content=\"Est. reading time\" \/>\n\t<meta name=\"twitter:data1\" content=\"1 minute\" \/>\n<script type=\"application\/ld+json\" class=\"yoast-schema-graph\">{\"@context\":\"https:\\\/\\\/schema.org\",\"@graph\":[{\"@type\":\"WebPage\",\"@id\":\"https:\\\/\\\/itaab.kreativa.dev\\\/en\\\/contact-us\\\/\",\"url\":\"https:\\\/\\\/itaab.kreativa.dev\\\/en\\\/contact-us\\\/\",\"name\":\"Contact - Itaab en\",\"isPartOf\":{\"@id\":\"https:\\\/\\\/itaab.kreativa.dev\\\/en\\\/#website\"},\"datePublished\":\"2020-04-20T07:35:26+00:00\",\"dateModified\":\"2025-03-31T07:55:30+00:00\",\"breadcrumb\":{\"@id\":\"https:\\\/\\\/itaab.kreativa.dev\\\/en\\\/contact-us\\\/#breadcrumb\"},\"inLanguage\":\"en-US\",\"potentialAction\":[{\"@type\":\"ReadAction\",\"target\":[\"https:\\\/\\\/itaab.kreativa.dev\\\/en\\\/contact-us\\\/\"]}]},{\"@type\":\"BreadcrumbList\",\"@id\":\"https:\\\/\\\/itaab.kreativa.dev\\\/en\\\/contact-us\\\/#breadcrumb\",\"itemListElement\":[{\"@type\":\"ListItem\",\"position\":1,\"name\":\"Hem\",\"item\":\"https:\\\/\\\/itaab.kreativa.dev\\\/en\\\/\"},{\"@type\":\"ListItem\",\"position\":2,\"name\":\"Contact\"}]},{\"@type\":\"WebSite\",\"@id\":\"https:\\\/\\\/itaab.kreativa.dev\\\/en\\\/#website\",\"url\":\"https:\\\/\\\/itaab.kreativa.dev\\\/en\\\/\",\"name\":\"Itaab en\",\"description\":\"Suspended ceilings\",\"publisher\":{\"@id\":\"https:\\\/\\\/itaab.kreativa.dev\\\/en\\\/#organization\"},\"potentialAction\":[{\"@type\":\"SearchAction\",\"target\":{\"@type\":\"EntryPoint\",\"urlTemplate\":\"https:\\\/\\\/itaab.kreativa.dev\\\/en\\\/?s={search_term_string}\"},\"query-input\":{\"@type\":\"PropertyValueSpecification\",\"valueRequired\":true,\"valueName\":\"search_term_string\"}}],\"inLanguage\":\"en-US\"},{\"@type\":\"Organization\",\"@id\":\"https:\\\/\\\/itaab.kreativa.dev\\\/en\\\/#organization\",\"name\":\"Itaab en\",\"url\":\"https:\\\/\\\/itaab.kreativa.dev\\\/en\\\/\",\"logo\":{\"@type\":\"ImageObject\",\"inLanguage\":\"en-US\",\"@id\":\"https:\\\/\\\/itaab.kreativa.dev\\\/en\\\/#\\\/schema\\\/logo\\\/image\\\/\",\"url\":\"https:\\\/\\\/itaab.kreativa.dev\\\/en\\\/wp-content\\\/uploads\\\/sites\\\/3\\\/2024\\\/11\\\/itaab.png\",\"contentUrl\":\"https:\\\/\\\/itaab.kreativa.dev\\\/en\\\/wp-content\\\/uploads\\\/sites\\\/3\\\/2024\\\/11\\\/itaab.png\",\"width\":300,\"height\":92,\"caption\":\"Itaab en\"},\"image\":{\"@id\":\"https:\\\/\\\/itaab.kreativa.dev\\\/en\\\/#\\\/schema\\\/logo\\\/image\\\/\"}}]}<\/script>\n<!-- \/ Yoast SEO plugin. -->","yoast_head_json":{"title":"Contact - Itaab en","robots":{"index":"noindex","follow":"follow","max-snippet":"max-snippet:-1","max-image-preview":"max-image-preview:large","max-video-preview":"max-video-preview:-1"},"og_locale":"en_US","og_type":"article","og_title":"Contact - Itaab en","og_description":"Contact \u00d6rebro HeadquarterDroskv\u00e4gen 23702 33 \u00d6rebro 019 &#8211; 22 51 90info@itaab.com Opening hoursMonday \u2013 friday 08.00 am &#8211; 4.30 pmClosed for lunch 12.00 pm &#8211; 01.00 pm Stockholm Service Center for vertical sheetsUlvsundav\u00e4gen 106c168 67 Bromma 010 \u2013 155 03 60orderstockholm@itaab.com Opening hoursMonday \u2013 friday 06.30 am \u2013 06.00 pm Malm\u00f6 Sales officeNorra Bulltoftav\u00e4gen 65g212 [&hellip;]","og_url":"https:\/\/itaab.kreativa.dev\/en\/contact-us\/","og_site_name":"Itaab en","article_modified_time":"2025-03-31T07:55:30+00:00","twitter_card":"summary_large_image","twitter_misc":{"Est. reading time":"1 minute"},"schema":{"@context":"https:\/\/schema.org","@graph":[{"@type":"WebPage","@id":"https:\/\/itaab.kreativa.dev\/en\/contact-us\/","url":"https:\/\/itaab.kreativa.dev\/en\/contact-us\/","name":"Contact - Itaab en","isPartOf":{"@id":"https:\/\/itaab.kreativa.dev\/en\/#website"},"datePublished":"2020-04-20T07:35:26+00:00","dateModified":"2025-03-31T07:55:30+00:00","breadcrumb":{"@id":"https:\/\/itaab.kreativa.dev\/en\/contact-us\/#breadcrumb"},"inLanguage":"en-US","potentialAction":[{"@type":"ReadAction","target":["https:\/\/itaab.kreativa.dev\/en\/contact-us\/"]}]},{"@type":"BreadcrumbList","@id":"https:\/\/itaab.kreativa.dev\/en\/contact-us\/#breadcrumb","itemListElement":[{"@type":"ListItem","position":1,"name":"Hem","item":"https:\/\/itaab.kreativa.dev\/en\/"},{"@type":"ListItem","position":2,"name":"Contact"}]},{"@type":"WebSite","@id":"https:\/\/itaab.kreativa.dev\/en\/#website","url":"https:\/\/itaab.kreativa.dev\/en\/","name":"Itaab en","description":"Suspended ceilings","publisher":{"@id":"https:\/\/itaab.kreativa.dev\/en\/#organization"},"potentialAction":[{"@type":"SearchAction","target":{"@type":"EntryPoint","urlTemplate":"https:\/\/itaab.kreativa.dev\/en\/?s={search_term_string}"},"query-input":{"@type":"PropertyValueSpecification","valueRequired":true,"valueName":"search_term_string"}}],"inLanguage":"en-US"},{"@type":"Organization","@id":"https:\/\/itaab.kreativa.dev\/en\/#organization","name":"Itaab en","url":"https:\/\/itaab.kreativa.dev\/en\/","logo":{"@type":"ImageObject","inLanguage":"en-US","@id":"https:\/\/itaab.kreativa.dev\/en\/#\/schema\/logo\/image\/","url":"https:\/\/itaab.kreativa.dev\/en\/wp-content\/uploads\/sites\/3\/2024\/11\/itaab.png","contentUrl":"https:\/\/itaab.kreativa.dev\/en\/wp-content\/uploads\/sites\/3\/2024\/11\/itaab.png","width":300,"height":92,"caption":"Itaab en"},"image":{"@id":"https:\/\/itaab.kreativa.dev\/en\/#\/schema\/logo\/image\/"}}]}},"acf":[],"_links":{"self":[{"href":"https:\/\/itaab.kreativa.dev\/en\/wp-json\/wp\/v2\/pages\/9","targetHints":{"allow":["GET"]}}],"collection":[{"href":"https:\/\/itaab.kreativa.dev\/en\/wp-json\/wp\/v2\/pages"}],"about":[{"href":"https:\/\/itaab.kreativa.dev\/en\/wp-json\/wp\/v2\/types\/page"}],"author":[{"embeddable":true,"href":"https:\/\/itaab.kreativa.dev\/en\/wp-json\/wp\/v2\/users\/3"}],"replies":[{"embeddable":true,"href":"https:\/\/itaab.kreativa.dev\/en\/wp-json\/wp\/v2\/comments?post=9"}],"version-history":[{"count":21,"href":"https:\/\/itaab.kreativa.dev\/en\/wp-json\/wp\/v2\/pages\/9\/revisions"}],"predecessor-version":[{"id":2133,"href":"https:\/\/itaab.kreativa.dev\/en\/wp-json\/wp\/v2\/pages\/9\/revisions\/2133"}],"wp:attachment":[{"href":"https:\/\/itaab.kreativa.dev\/en\/wp-json\/wp\/v2\/media?parent=9"}],"curies":[{"name":"wp","href":"https:\/\/api.w.org\/{rel}","templated":true}]}}